{"id":105,"date":"2023-02-16T12:56:09","date_gmt":"2023-02-16T12:56:09","guid":{"rendered":"https:\/\/demosites.royal-elementor-addons.com\/realestate-v2\/?page_id=105"},"modified":"2026-03-27T10:58:45","modified_gmt":"2026-03-27T10:58:45","slug":"blog-realestate-v2","status":"publish","type":"page","link":"https:\/\/feradehomes.com\/index.php\/blog-realestate-v2\/","title":{"rendered":"Blog"},"content":{"rendered":"\t\t<div data-elementor-type=\"wp-page\" data-elementor-id=\"105\" class=\"elementor elementor-105\" data-elementor-post-type=\"page\">\n\t\t\t\t\t\t<section class=\"elementor-section elementor-top-section elementor-element elementor-element-651ddec90 elementor-section-height-min-height elementor-section-boxed elementor-section-height-default elementor-section-items-middle wpr-particle-no wpr-jarallax-no wpr-parallax-no wpr-sticky-section-no\" data-id=\"651ddec90\" data-element_type=\"section\" data-e-type=\"section\" data-settings=\"{&quot;background_background&quot;:&quot;classic&quot;,&quot;shape_divider_bottom&quot;:&quot;triangle-asymmetrical&quot;}\">\n\t\t\t\t\t\t\t<div class=\"elementor-background-overlay\"><\/div>\n\t\t\t\t\t\t<div class=\"elementor-shape elementor-shape-bottom\" aria-hidden=\"true\" data-negative=\"false\">\n\t\t\t<svg xmlns=\"http:\/\/www.w3.org\/2000\/svg\" viewBox=\"0 0 1000 100\" preserveAspectRatio=\"none\">\n\t<path class=\"elementor-shape-fill\" d=\"M738,99l262-93V0H0v5.6L738,99z\"\/>\n<\/svg>\t\t<\/div>\n\t\t\t\t\t<div class=\"elementor-container elementor-column-gap-default\">\n\t\t\t\t\t<div class=\"elementor-column elementor-col-100 elementor-top-column elementor-element elementor-element-518648fa\" data-id=\"518648fa\" data-element_type=\"column\" data-e-type=\"column\">\n\t\t\t<div class=\"elementor-widget-wrap elementor-element-populated\">\n\t\t\t\t\t\t<div class=\"elementor-element elementor-element-685b0fc6 elementor-widget elementor-widget-heading\" data-id=\"685b0fc6\" data-element_type=\"widget\" data-e-type=\"widget\" data-widget_type=\"heading.default\">\n\t\t\t\t\t<h2 class=\"elementor-heading-title elementor-size-default\">Blog<\/h2>\t\t\t\t<\/div>\n\t\t\t\t\t<\/div>\n\t\t<\/div>\n\t\t\t\t\t<\/div>\n\t\t<\/section>\n\t\t<div class=\"elementor-element elementor-element-76ea038 e-flex e-con-boxed wpr-particle-no wpr-jarallax-no wpr-parallax-no wpr-sticky-section-no e-con e-parent\" data-id=\"76ea038\" data-element_type=\"container\" data-e-type=\"container\">\n\t\t\t\t\t<div class=\"e-con-inner\">\n\t\t\t\t<div class=\"elementor-element elementor-element-36ad9b2 elementor-widget elementor-widget-heading\" data-id=\"36ad9b2\" data-element_type=\"widget\" data-e-type=\"widget\" data-widget_type=\"heading.default\">\n\t\t\t\t\t<h1 class=\"elementor-heading-title elementor-size-default\">Insights que construyen valor<\/h1>\t\t\t\t<\/div>\n\t\t\t\t<div class=\"elementor-element elementor-element-dc6582d elementor-widget elementor-widget-text-editor\" data-id=\"dc6582d\" data-element_type=\"widget\" data-e-type=\"widget\" data-widget_type=\"text-editor.default\">\n\t\t\t\t\t\t\t\t\t<p data-start=\"772\" data-end=\"936\">Descubre c\u00f3mo en Ferade Homes se piensa, se analiza y se ejecuta cada proyecto bajo un enfoque 360, con total transparencia y visi\u00f3n a largo plazo.<\/p>\t\t\t\t\t\t\t\t<\/div>\n\t\t\t\t<div class=\"elementor-element elementor-element-3112237 wpr-grid-columns-3 wpr-grid-columns--tablet2 wpr-grid-columns--mobile1 wpr-grid-pagination-center wpr-item-styles-inner elementor-widget elementor-widget-wpr-grid\" data-id=\"3112237\" data-element_type=\"widget\" data-e-type=\"widget\" data-widget_type=\"wpr-grid.default\">\n\t\t\t\t\t<ul class=\"wpr-grid-filters elementor-clearfix wpr-grid-filters-sep-right\"><li class=\" wpr-pointer-underline wpr-pointer-line-fx wpr-pointer-fx-fade\"><span  data-filter=\"*\" class=\"wpr-grid-filters-item wpr-active-filter wpr-pointer-item\"><i class=\" wpr-grid-filters-icon-left\"><\/i>All Posts<\/span><em class=\"wpr-grid-filters-sep\"><\/em><\/li><li class=\" wpr-pointer-underline wpr-pointer-line-fx wpr-pointer-fx-fade\"><span class=\"wpr-pointer-item\"  data-ajax-filter=[\"category\",\"construccion\"]  data-filter=\".category-construccion\"><i class=\" wpr-grid-filters-icon-left\"><\/i>Construcci\u00f3n<\/span><em class=\"wpr-grid-filters-sep\"><\/em><\/li><li class=\" wpr-pointer-underline wpr-pointer-line-fx wpr-pointer-fx-fade\"><span class=\"wpr-pointer-item\"  data-ajax-filter=[\"category\",\"costes-y-financiacion\"]  data-filter=\".category-costes-y-financiacion\"><i class=\" wpr-grid-filters-icon-left\"><\/i>Costes y financiaci\u00f3n<\/span><em class=\"wpr-grid-filters-sep\"><\/em><\/li><li class=\" wpr-pointer-underline wpr-pointer-line-fx wpr-pointer-fx-fade\"><span class=\"wpr-pointer-item\"  data-ajax-filter=[\"category\",\"legalidad\"]  data-filter=\".category-legalidad\"><i class=\" wpr-grid-filters-icon-left\"><\/i>Legalidad<\/span><em class=\"wpr-grid-filters-sep\"><\/em><\/li><li class=\" wpr-pointer-underline wpr-pointer-line-fx wpr-pointer-fx-fade\"><span class=\"wpr-pointer-item\"  data-ajax-filter=[\"category\",\"proyectos\"]  data-filter=\".category-proyectos\"><i class=\" wpr-grid-filters-icon-left\"><\/i>Proyectos<\/span><em class=\"wpr-grid-filters-sep\"><\/em><\/li><li class=\" wpr-pointer-underline wpr-pointer-line-fx wpr-pointer-fx-fade\"><span class=\"wpr-pointer-item\"  data-ajax-filter=[\"category\",\"terrenos-y-ubicacion\"]  data-filter=\".category-terrenos-y-ubicacion\"><i class=\" wpr-grid-filters-icon-left\"><\/i>Terrenos y ubicaci\u00f3n<\/span><em class=\"wpr-grid-filters-sep\"><\/em><\/li><\/ul><section class=\"wpr-grid elementor-clearfix\" data-settings=\"{&quot;layout&quot;:&quot;masonry&quot;,&quot;stick_last_element_to_bottom&quot;:&quot;no&quot;,&quot;columns_desktop&quot;:3,&quot;gutter_hr&quot;:15,&quot;gutter_hr_mobile&quot;:15,&quot;gutter_hr_mobile_extra&quot;:15,&quot;gutter_hr_tablet&quot;:15,&quot;gutter_hr_tablet_extra&quot;:15,&quot;gutter_hr_laptop&quot;:15,&quot;gutter_hr_widescreen&quot;:15,&quot;gutter_vr&quot;:15,&quot;gutter_vr_mobile&quot;:15,&quot;gutter_vr_mobile_extra&quot;:15,&quot;gutter_vr_tablet&quot;:15,&quot;gutter_vr_tablet_extra&quot;:15,&quot;gutter_vr_laptop&quot;:15,&quot;gutter_vr_widescreen&quot;:15,&quot;animation&quot;:&quot;default&quot;,&quot;animation_duration&quot;:0.3,&quot;animation_delay&quot;:0.1,&quot;deeplinking&quot;:&quot;no&quot;,&quot;filters_linkable&quot;:&quot;no&quot;,&quot;filters_default_filter&quot;:&quot;&quot;,&quot;filters_count&quot;:&quot;no&quot;,&quot;filters_hide_empty&quot;:&quot;no&quot;,&quot;filters_animation&quot;:&quot;default&quot;,&quot;filters_animation_duration&quot;:0.3,&quot;filters_animation_delay&quot;:0.1,&quot;pagination_type&quot;:&quot;load-more&quot;,&quot;pagination_max_pages&quot;:1,&quot;lightbox&quot;:{&quot;selector&quot;:&quot;.wpr-grid-image-wrap&quot;,&quot;iframeMaxWidth&quot;:&quot;60%&quot;,&quot;hash&quot;:false,&quot;autoplay&quot;:&quot;true&quot;,&quot;pause&quot;:5000,&quot;progressBar&quot;:&quot;true&quot;,&quot;counter&quot;:&quot;true&quot;,&quot;controls&quot;:&quot;true&quot;,&quot;getCaptionFromTitleOrAlt&quot;:&quot;true&quot;,&quot;thumbnail&quot;:&quot;true&quot;,&quot;showThumbByDefault&quot;:&quot;true&quot;,&quot;share&quot;:&quot;true&quot;,&quot;zoom&quot;:&quot;true&quot;,&quot;fullScreen&quot;:&quot;true&quot;,&quot;download&quot;:&quot;true&quot;}}\" data-advanced-filters=\"no\"><article class=\"wpr-grid-item elementor-clearfix post-371 post type-post status-publish format-standard has-post-thumbnail hentry category-uncategorized\"><div class=\"wpr-grid-item-inner\"><div class=\"wpr-grid-media-wrap wpr-effect-size-medium \" data-overlay-link=\"yes\"><div class=\"wpr-grid-image-wrap\" data-src=\"https:\/\/feradehomes.com\/wp-content\/uploads\/2023\/02\/pexels-artbovich-6580385-scaled.jpg\" data-img-on-hover=\"\"  data-src-secondary=\"\"><img decoding=\"async\" data-no-lazy=\"1\" src=\"https:\/\/feradehomes.com\/wp-content\/uploads\/2023\/02\/pexels-artbovich-6580385-scaled.jpg\" alt=\"\u00bfConstruir o comprar? La decisi\u00f3n que define tu estilo de vida\" class=\"wpr-anim-timing-ease-default\"><\/div><div class=\"wpr-grid-media-hover wpr-animation-wrap\"><div class=\"wpr-grid-media-hover-bg  wpr-overlay-fade-in wpr-anim-size-large wpr-anim-timing-ease-default wpr-anim-transparency\" data-url=\"https:\/\/feradehomes.com\/index.php\/2023\/02\/18\/construir-o-comprar-la-decision-que-define-tu-estilo-de-vida\/\"><\/div><\/div><\/div><div class=\"wpr-grid-item-below-content elementor-clearfix\"><h2 class=\"wpr-grid-item-title elementor-repeater-item-883441d wpr-grid-item-display-block wpr-grid-item-align-left wpr-pointer-none wpr-pointer-line-fx wpr-pointer-fx-slide\"><div class=\"inner-block\"><a target=\"_self\"  href=\"https:\/\/feradehomes.com\/index.php\/2023\/02\/18\/construir-o-comprar-la-decision-que-define-tu-estilo-de-vida\/\">\u00bfConstruir o comprar? La decisi\u00f3n que define tu estilo de vida<\/a><\/div><\/h2><div class=\"wpr-grid-item-date elementor-repeater-item-4cdb45f wpr-grid-item-display-inline wpr-grid-item-align-left\"><div class=\"inner-block\"><span>febrero 18, 2023<span class=\"wpr-grid-extra-text-right\">\/<\/span><\/span><\/div><\/div><div class=\"wpr-grid-item-comments elementor-repeater-item-f21d99b wpr-grid-item-display-inline wpr-grid-item-align-left\"><div class=\"inner-block\"><a href=\"https:\/\/feradehomes.com\/index.php\/2023\/02\/18\/construir-o-comprar-la-decision-que-define-tu-estilo-de-vida\/#comments\"><span>2&nbsp;Comments<\/span><\/a><\/div><\/div><div class=\"wpr-grid-item-excerpt elementor-repeater-item-9a5dbdd wpr-grid-item-display-block wpr-grid-item-align-left\"><div class=\"inner-block\"><p>A la hora de acceder a una vivienda, la mayor\u00eda de personas se enfrentan a una decisi\u00f3n clave: comprar una...<\/p><\/div><\/div><div class=\"wpr-grid-item-read-more elementor-repeater-item-5b84767 wpr-grid-item-display-block wpr-grid-item-align-left\"><div class=\"inner-block\"><a target=\"_self\" href=\"https:\/\/feradehomes.com\/index.php\/2023\/02\/18\/construir-o-comprar-la-decision-que-define-tu-estilo-de-vida\/\" class=\"wpr-button-effect wpr-button-none\"><span>Read More<\/span><\/a><\/div><\/div><\/div><\/div><\/article><article class=\"wpr-grid-item elementor-clearfix post-370 post type-post status-publish format-standard has-post-thumbnail hentry category-uncategorized\"><div class=\"wpr-grid-item-inner\"><div class=\"wpr-grid-media-wrap wpr-effect-size-medium \" data-overlay-link=\"yes\"><div class=\"wpr-grid-image-wrap\" data-src=\"https:\/\/feradehomes.com\/wp-content\/uploads\/2023\/02\/pexels-artbovich-7045311-scaled.jpg\" data-img-on-hover=\"\"  data-src-secondary=\"\"><img decoding=\"async\" data-no-lazy=\"1\" src=\"https:\/\/feradehomes.com\/wp-content\/uploads\/2023\/02\/pexels-artbovich-7045311-scaled.jpg\" alt=\"Qu\u00e9 nadie te cuenta sobre construir una casa (y por qu\u00e9 ah\u00ed est\u00e1 la diferencia)\" class=\"wpr-anim-timing-ease-default\"><\/div><div class=\"wpr-grid-media-hover wpr-animation-wrap\"><div class=\"wpr-grid-media-hover-bg  wpr-overlay-fade-in wpr-anim-size-large wpr-anim-timing-ease-default wpr-anim-transparency\" data-url=\"https:\/\/feradehomes.com\/index.php\/2023\/02\/18\/que-nadie-te-cuenta-sobre-construir-una-casa-y-por-que-ahi-esta-la-diferencia\/\"><\/div><\/div><\/div><div class=\"wpr-grid-item-below-content elementor-clearfix\"><h2 class=\"wpr-grid-item-title elementor-repeater-item-883441d wpr-grid-item-display-block wpr-grid-item-align-left wpr-pointer-none wpr-pointer-line-fx wpr-pointer-fx-slide\"><div class=\"inner-block\"><a target=\"_self\"  href=\"https:\/\/feradehomes.com\/index.php\/2023\/02\/18\/que-nadie-te-cuenta-sobre-construir-una-casa-y-por-que-ahi-esta-la-diferencia\/\">Qu\u00e9 nadie te cuenta sobre construir una casa (y por qu\u00e9 ah\u00ed est\u00e1 la diferencia)<\/a><\/div><\/h2><div class=\"wpr-grid-item-date elementor-repeater-item-4cdb45f wpr-grid-item-display-inline wpr-grid-item-align-left\"><div class=\"inner-block\"><span>febrero 18, 2023<span class=\"wpr-grid-extra-text-right\">\/<\/span><\/span><\/div><\/div><div class=\"wpr-grid-item-comments elementor-repeater-item-f21d99b wpr-grid-item-display-inline wpr-grid-item-align-left\"><div class=\"inner-block\"><a href=\"https:\/\/feradehomes.com\/index.php\/2023\/02\/18\/que-nadie-te-cuenta-sobre-construir-una-casa-y-por-que-ahi-esta-la-diferencia\/#comments\"><span>4&nbsp;Comments<\/span><\/a><\/div><\/div><div class=\"wpr-grid-item-excerpt elementor-repeater-item-9a5dbdd wpr-grid-item-display-block wpr-grid-item-align-left\"><div class=\"inner-block\"><p>Construir una vivienda suele percibirse como un proceso complejo, lleno de decisiones t\u00e9cnicas, incertidumbre y posibles imprevistos. Esta percepci\u00f3n no...<\/p><\/div><\/div><div class=\"wpr-grid-item-read-more elementor-repeater-item-5b84767 wpr-grid-item-display-block wpr-grid-item-align-left\"><div class=\"inner-block\"><a target=\"_self\" href=\"https:\/\/feradehomes.com\/index.php\/2023\/02\/18\/que-nadie-te-cuenta-sobre-construir-una-casa-y-por-que-ahi-esta-la-diferencia\/\" class=\"wpr-button-effect wpr-button-none\"><span>Read More<\/span><\/a><\/div><\/div><\/div><\/div><\/article><article class=\"wpr-grid-item elementor-clearfix post-369 post type-post status-publish format-standard has-post-thumbnail hentry category-uncategorized\"><div class=\"wpr-grid-item-inner\"><div class=\"wpr-grid-media-wrap wpr-effect-size-medium \" data-overlay-link=\"yes\"><div class=\"wpr-grid-image-wrap\" data-src=\"https:\/\/feradehomes.com\/wp-content\/uploads\/2023\/02\/pexels-artbovich-6580385-scaled.jpg\" data-img-on-hover=\"\"  data-src-secondary=\"\"><img decoding=\"async\" data-no-lazy=\"1\" src=\"https:\/\/feradehomes.com\/wp-content\/uploads\/2023\/02\/pexels-artbovich-6580385-scaled.jpg\" alt=\"C\u00f3mo elegir el terreno perfecto\" class=\"wpr-anim-timing-ease-default\"><\/div><div class=\"wpr-grid-media-hover wpr-animation-wrap\"><div class=\"wpr-grid-media-hover-bg  wpr-overlay-fade-in wpr-anim-size-large wpr-anim-timing-ease-default wpr-anim-transparency\" data-url=\"https:\/\/feradehomes.com\/index.php\/2023\/02\/18\/como-elegir-el-terreno-perfecto\/\"><\/div><\/div><\/div><div class=\"wpr-grid-item-below-content elementor-clearfix\"><h2 class=\"wpr-grid-item-title elementor-repeater-item-883441d wpr-grid-item-display-block wpr-grid-item-align-left wpr-pointer-none wpr-pointer-line-fx wpr-pointer-fx-slide\"><div class=\"inner-block\"><a target=\"_self\"  href=\"https:\/\/feradehomes.com\/index.php\/2023\/02\/18\/como-elegir-el-terreno-perfecto\/\">C\u00f3mo elegir el terreno perfecto<\/a><\/div><\/h2><div class=\"wpr-grid-item-date elementor-repeater-item-4cdb45f wpr-grid-item-display-inline wpr-grid-item-align-left\"><div class=\"inner-block\"><span>febrero 18, 2023<span class=\"wpr-grid-extra-text-right\">\/<\/span><\/span><\/div><\/div><div class=\"wpr-grid-item-comments elementor-repeater-item-f21d99b wpr-grid-item-display-inline wpr-grid-item-align-left\"><div class=\"inner-block\"><a href=\"https:\/\/feradehomes.com\/index.php\/2023\/02\/18\/como-elegir-el-terreno-perfecto\/#comments\"><span>2&nbsp;Comments<\/span><\/a><\/div><\/div><div class=\"wpr-grid-item-excerpt elementor-repeater-item-9a5dbdd wpr-grid-item-display-block wpr-grid-item-align-left\"><div class=\"inner-block\"><p>Antes de hablar de dise\u00f1o, distribuci\u00f3n o materiales, hay una decisi\u00f3n que condiciona por completo el resultado final de una...<\/p><\/div><\/div><div class=\"wpr-grid-item-read-more elementor-repeater-item-5b84767 wpr-grid-item-display-block wpr-grid-item-align-left\"><div class=\"inner-block\"><a target=\"_self\" href=\"https:\/\/feradehomes.com\/index.php\/2023\/02\/18\/como-elegir-el-terreno-perfecto\/\" class=\"wpr-button-effect wpr-button-none\"><span>Read More<\/span><\/a><\/div><\/div><\/div><\/div><\/article><\/section>\t\t\t\t<\/div>\n\t\t\t\t\t<\/div>\n\t\t\t\t<\/div>\n\t\t\t\t<\/div>\n\t\t","protected":false},"excerpt":{"rendered":"<p>Blog Insights que construyen valor Descubre c\u00f3mo en Ferade Homes se piensa, se analiza y se ejecuta cada proyecto bajo un enfoque 360, con total transparencia y visi\u00f3n a largo plazo. All Posts Apartment Cottage House Villa Invest in Your Future: Real Estate Investment Opportunities febrero 18, 2023\/2&nbsp;Comments Two exquisite objection delighted deficient yet its contained. Cordial because are account evident its subject but eat. Can properly followed&#8230; Read More Luxury Living: Discover High-End Properties in Your Area febrero 18, 2023\/4&nbsp;Comments Two exquisite objection delighted deficient yet its contained. Cordial because are account evident its subject but eat. Can properly followed&#8230; Read More Your Guide to Buying and Selling Real Estate in City febrero 18, 2023\/2&nbsp;Comments Two exquisite objection delighted deficient yet its contained. Cordial because are account evident its subject but eat. Can properly followed&#8230; Read More<\/p>\n","protected":false},"author":1,"featured_media":0,"parent":0,"menu_order":0,"comment_status":"closed","ping_status":"closed","template":"elementor_canvas","meta":{"footnotes":""},"class_list":["post-105","page","type-page","status-publish","hentry"],"_links":{"self":[{"href":"https:\/\/feradehomes.com\/index.php\/wp-json\/wp\/v2\/pages\/105","targetHints":{"allow":["GET"]}}],"collection":[{"href":"https:\/\/feradehomes.com\/index.php\/wp-json\/wp\/v2\/pages"}],"about":[{"href":"https:\/\/feradehomes.com\/index.php\/wp-json\/wp\/v2\/types\/page"}],"author":[{"embeddable":true,"href":"https:\/\/feradehomes.com\/index.php\/wp-json\/wp\/v2\/users\/1"}],"replies":[{"embeddable":true,"href":"https:\/\/feradehomes.com\/index.php\/wp-json\/wp\/v2\/comments?post=105"}],"version-history":[{"count":27,"href":"https:\/\/feradehomes.com\/index.php\/wp-json\/wp\/v2\/pages\/105\/revisions"}],"predecessor-version":[{"id":2426,"href":"https:\/\/feradehomes.com\/index.php\/wp-json\/wp\/v2\/pages\/105\/revisions\/2426"}],"wp:attachment":[{"href":"https:\/\/feradehomes.com\/index.php\/wp-json\/wp\/v2\/media?parent=105"}],"curies":[{"name":"wp","href":"https:\/\/api.w.org\/{rel}","templated":true}]}}